{"id":1341,"date":"2019-11-11T14:08:22","date_gmt":"2019-11-11T13:08:22","guid":{"rendered":"https:\/\/silenccio.axa.ch\/?page_id=1341"},"modified":"2020-04-06T17:17:26","modified_gmt":"2020-04-06T15:17:26","slug":"denegation-de-responsabilite","status":"publish","type":"page","link":"https:\/\/silenccio.axa.ch\/fr\/denegation-de-responsabilite\/","title":{"rendered":"D\u00e9n\u00e9gation de responsabilit\u00e9"},"content":{"rendered":"\n<h4 class=\"wp-block-heading\">Responsabilit\u00e9<\/h4>\n\n\n\n<p>Bien\nque Silenccio&nbsp;AG veille \u00e0 l&rsquo;exactitude des informations publi\u00e9es, aucune\ngarantie ne peut \u00eatre donn\u00e9e quant \u00e0 l&rsquo;exactitude, la fiabilit\u00e9, l&rsquo;actualit\u00e9,\nla compl\u00e9tude, ou l&rsquo;exhaustivit\u00e9 de ces informations.<\/p>\n\n\n\n<p>Silenccio&nbsp;AG\nse r\u00e9serve express\u00e9ment le droit de modifier, de supprimer, ou de ne pas\npublier temporairement des contenus de mani\u00e8re enti\u00e8re ou partielle \u00e0 tout\nmoment et sans pr\u00e9avis.<\/p>\n\n\n\n<p>Silenccio&nbsp;AG\nd\u00e9cline toute responsabilit\u00e9 en cas de dommages mat\u00e9riels ou immat\u00e9riels\nr\u00e9sultant de l&rsquo;acc\u00e8s, de l&rsquo;utilisation, ou de la non-utilisation des\ninformations publi\u00e9es, d&rsquo;une mauvaise utilisation de la connexion, ou de\nd\u00e9faillances techniques.<\/p>\n\n\n\n<h4 class=\"wp-block-heading\">R\u00e9f\u00e9rences et liens<\/h4>\n\n\n\n<p>Les\nr\u00e9f\u00e9rences et les liens vers des sites Internet de parties tierces ne rel\u00e8vent\npas de la responsabilit\u00e9 de Silenccio&nbsp;AG. L&rsquo;acc\u00e8s \u00e0 ces sites web et leur\nutilisation se font aux risques et p\u00e9rils de l&rsquo;utilisateur\u00b7rice.\nSilenccio&nbsp;AG d\u00e9clare express\u00e9ment qu&rsquo;elle n&rsquo;a aucune influence sur la conception,\nle contenu, et les offres des sites li\u00e9s. Les informations et les services des\nsites web li\u00e9s sont enti\u00e8rement sous l&rsquo;enti\u00e8re responsabilit\u00e9 de la partie\ntierce respective. Nous d\u00e9clinons toute responsabilit\u00e9 concernant ces sites\nweb.<\/p>\n\n\n\n<h4 class=\"wp-block-heading\">Copyright<\/h4>\n\n\n\n<p>Les\ninformations contenues sur les sites Internet de Silenccio&nbsp;AG sont mises \u00e0\nla disposition du public. Le t\u00e9l\u00e9chargement ou la copie de contenus, d&rsquo;images,\nde photos, ou d&rsquo;autres fichiers ne transf\u00e8re aucun droit sur le contenu.<\/p>\n\n\n\n<p>Les\ndroits d&rsquo;auteur et tous les autres droits sur les contenus, images, photos, ou\nautres fichiers des sites Internet de Silenccio&nbsp;AG lui appartiennent\nexclusivement ou appartiennent exclusivement aux titulaires express\u00e9ment\nd\u00e9sign\u00e9\u00b7e\u00b7s de ces droits. La reproduction de tout \u00e9l\u00e9ment doit faire l&rsquo;objet\nd&rsquo;une autorisation \u00e9crite pr\u00e9alable du\/de la d\u00e9tenteur\u00b7rice des droits\nd&rsquo;auteur.<\/p>\n","protected":false},"excerpt":{"rendered":"<p>Responsabilit\u00e9 Bien que Silenccio&nbsp;AG veille \u00e0 l&rsquo;exactitude des informations publi\u00e9es, aucune garantie ne peut \u00eatre donn\u00e9e quant \u00e0 l&rsquo;exactitude, la fiabilit\u00e9, l&rsquo;actualit\u00e9, la compl\u00e9tude, ou l&rsquo;exhaustivit\u00e9 de ces informations. Silenccio&nbsp;AG se r\u00e9serve express\u00e9ment le droit de modifier, de supprimer, ou de ne pas publier temporairement des contenus de mani\u00e8re enti\u00e8re ou partielle \u00e0 tout moment [&hellip;]<\/p>\n","protected":false},"author":2,"featured_media":0,"parent":0,"menu_order":0,"comment_status":"closed","ping_status":"closed","template":"","meta":{"_acf_changed":false,"footnotes":""},"class_list":["post-1341","page","type-page","status-publish","hentry"],"acf":[],"_links":{"self":[{"href":"https:\/\/silenccio.axa.ch\/fr\/wp-json\/wp\/v2\/pages\/1341","targetHints":{"allow":["GET"]}}],"collection":[{"href":"https:\/\/silenccio.axa.ch\/fr\/wp-json\/wp\/v2\/pages"}],"about":[{"href":"https:\/\/silenccio.axa.ch\/fr\/wp-json\/wp\/v2\/types\/page"}],"author":[{"embeddable":true,"href":"https:\/\/silenccio.axa.ch\/fr\/wp-json\/wp\/v2\/users\/2"}],"replies":[{"embeddable":true,"href":"https:\/\/silenccio.axa.ch\/fr\/wp-json\/wp\/v2\/comments?post=1341"}],"version-history":[{"count":1,"href":"https:\/\/silenccio.axa.ch\/fr\/wp-json\/wp\/v2\/pages\/1341\/revisions"}],"predecessor-version":[{"id":1342,"href":"https:\/\/silenccio.axa.ch\/fr\/wp-json\/wp\/v2\/pages\/1341\/revisions\/1342"}],"wp:attachment":[{"href":"https:\/\/silenccio.axa.ch\/fr\/wp-json\/wp\/v2\/media?parent=1341"}],"curies":[{"name":"wp","href":"https:\/\/api.w.org\/{rel}","templated":true}]}}