{"id":2168,"date":"2022-10-10T18:40:40","date_gmt":"2022-10-10T16:40:40","guid":{"rendered":"https:\/\/silenccio.axa.ch\/?page_id=2168"},"modified":"2025-11-05T13:32:55","modified_gmt":"2025-11-05T12:32:55","slug":"conditions-de-participation","status":"publish","type":"page","link":"https:\/\/silenccio.axa.ch\/fr\/conditions-de-participation\/","title":{"rendered":"Conditions de participation"},"content":{"rendered":"\r\n<p>La participation au tirage au sort est automatique pour tous les utilisateurs enregistr\u00e9s sur <a href=\"https:\/\/silenccioapp.axa.ch\" target=\"_blank\" rel=\"noreferrer noopener\">https:\/\/silenccioapp.axa.ch<\/a>. En vous inscrivant, vous acceptez les conditions de participation et la <a href=\"https:\/\/www.axa.ch\/fr\/informations\/protection-donnees.html\" target=\"_blank\" rel=\"noreferrer noopener\" data-type=\"URL\" data-id=\"https:\/\/www.axa.ch\/fr\/informations\/protection-donnees.html\">politique de confidentialit\u00e9<\/a> d\u2019AXA.<\/p>\r\n\r\n\r\n\r\n<p><em>100 bons cadeaux Digitec Galaxus d\u2019une valeur de CHF 100.- seront tir\u00e9s au sort.<br \/>La date limite de participation est le 31 d\u00e9cembre 2025. Le tirage au sort aura lieu en janvier 2026. Les gagnantes et les gagnants du concours seront avertis personnellement. Le tirage au sort sera effectu\u00e9 \u00e0 huis-clos.<\/em><\/p>\r\n\r\n\r\n\r\n<p>Toute personne majeure domicili\u00e9e en Suisse peut participer au concours. Les collaborateurs d\u2019AXA Versicherungen AG, AXA-ARAG Rechtschutz AG et Silenccio AG sont exclus du tirage au sort.<\/p>\r\n\r\n\r\n\r\n<p><em>Le gain ne peut pas \u00eatre converti en esp\u00e8ces ni \u00e9chang\u00e9 et n\u2019est pas transmissible. Aucune correspondance ne sera \u00e9chang\u00e9e dans le cadre du concours. Tout recours est exclu. Les conditions de participation peuvent \u00eatre modifi\u00e9es \u00e0 tout moment.<\/em><\/p>\r\n\r\n\r\n\r\n<p>&nbsp;<\/p>\r\n\r\n\r\n\r\n<p>Responsable<br \/><strong>AXA Versicherungen AG, R\u00f6merstrasse 17, 8400 Winterthour, Suisse,<\/strong><br \/>axa_cyberversicherung_plus@silenccio.com, <a href=\"https:\/\/www.axa.ch\" target=\"_blank\" rel=\"noreferrer noopener\" data-type=\"URL\" data-id=\"https:\/\/www.axa.ch\">www.axa.ch<\/a><\/p>\r\n","protected":false},"excerpt":{"rendered":"<p>La participation au tirage au sort est automatique pour tous les utilisateurs enregistr\u00e9s sur https:\/\/silenccioapp.axa.ch. En vous inscrivant, vous acceptez les conditions de participation et la politique de confidentialit\u00e9 d\u2019AXA. 100 bons cadeaux Digitec Galaxus d\u2019une valeur de CHF 100.- seront tir\u00e9s au sort.La date limite de participation est le 31 d\u00e9cembre 2025. Le tirage [&hellip;]<\/p>\n","protected":false},"author":2,"featured_media":0,"parent":0,"menu_order":0,"comment_status":"closed","ping_status":"closed","template":"","meta":{"_acf_changed":false,"footnotes":""},"class_list":["post-2168","page","type-page","status-publish","hentry"],"acf":[],"_links":{"self":[{"href":"https:\/\/silenccio.axa.ch\/fr\/wp-json\/wp\/v2\/pages\/2168","targetHints":{"allow":["GET"]}}],"collection":[{"href":"https:\/\/silenccio.axa.ch\/fr\/wp-json\/wp\/v2\/pages"}],"about":[{"href":"https:\/\/silenccio.axa.ch\/fr\/wp-json\/wp\/v2\/types\/page"}],"author":[{"embeddable":true,"href":"https:\/\/silenccio.axa.ch\/fr\/wp-json\/wp\/v2\/users\/2"}],"replies":[{"embeddable":true,"href":"https:\/\/silenccio.axa.ch\/fr\/wp-json\/wp\/v2\/comments?post=2168"}],"version-history":[{"count":4,"href":"https:\/\/silenccio.axa.ch\/fr\/wp-json\/wp\/v2\/pages\/2168\/revisions"}],"predecessor-version":[{"id":2676,"href":"https:\/\/silenccio.axa.ch\/fr\/wp-json\/wp\/v2\/pages\/2168\/revisions\/2676"}],"wp:attachment":[{"href":"https:\/\/silenccio.axa.ch\/fr\/wp-json\/wp\/v2\/media?parent=2168"}],"curies":[{"name":"wp","href":"https:\/\/api.w.org\/{rel}","templated":true}]}}