{"id":1343,"date":"2019-11-11T14:09:36","date_gmt":"2019-11-11T13:09:36","guid":{"rendered":"https:\/\/silenccio.axa.ch\/?page_id=1343"},"modified":"2020-04-06T17:17:53","modified_gmt":"2020-04-06T15:17:53","slug":"disclaimer","status":"publish","type":"page","link":"https:\/\/silenccio.axa.ch\/it\/disclaimer\/","title":{"rendered":"Disclaimer"},"content":{"rendered":"\n<h4 class=\"wp-block-heading\">Responsabilit\u00e0<\/h4>\n\n\n\n<p>Nonostante Silenccio AG\npresti la massima attenzione alla correttezza delle informazioni pubblicate,\nnon pu\u00f2 fornire alcuna garanzia relativamente alla correttezza, precisione,\nattualit\u00e0, affidabilit\u00e0 e completezza del contenuto delle presenti informazioni.<\/p>\n\n\n\n<p>Silenccio AG si riserva\nespressamente di modificare, cancellare o talvolta di non pubblicare in\nqualsiasi momento tali contenuti senza preavviso.<\/p>\n\n\n\n<p>Si esclude qualsiasi\nrivendicazione di responsabilit\u00e0 nei confronti di Silenccio AG a causa di danni\ndi tipo materiale o immateriale, derivati dall\u2019accesso o dall\u2019utilizzo e\/o\nmancato utilizzo delle informazioni pubblicate, in seguito all\u2019utilizzo\nimproprio del collegamento o a causa di guasti tecnici.<\/p>\n\n\n\n<h4 class=\"wp-block-heading\">Riferimenti e\nlink<\/h4>\n\n\n\n<p>I riferimenti e i link a\npagine Web di terzi non rientrano nell\u2019ambito di responsabilit\u00e0 di Silenccio\nAG. L\u2019accesso e l\u2019utilizzo di tali pagine Web avvengono a rischio e pericolo\ndell\u2019utente. Silenccio AG dichiara espressamente di non avere alcuna influenza\nsull\u2019organizzazione, sul contenuto e sulle offerte delle pagine collegate.\nInformazioni e servizi di pagine Web collegate rientrano totalmente nella\nresponsabilit\u00e0 del terzo interessato. Non si assume alcuna responsabilit\u00e0 per\ntali pagine Web.<\/p>\n\n\n\n<h4 class=\"wp-block-heading\">Copyright<\/h4>\n\n\n\n<p>Le informazioni contenute\nsulle pagine Web di Silenccio AG sono rese accessibili al pubblico. Scaricando\no copiando contenuti, immagini, foto o altri file non si trasferiscono in alcun\ncaso i diritti riferiti ai contenuti.<\/p>\n\n\n\n<p>Il diritto d\u2019autore e tutti\ngli altri diritti su contenuti, immagini, foto o altri file sulle pagine Web di\nSilenccio AG appartengono esclusivamente a essa o ai titolari dei diritti\nspecificamente citati. Per la riproduzione di qualsiasi elemento \u00e8 necessaria\nl\u2019autorizzazione scritta del titolare del diritto d\u2019autore.<\/p>\n","protected":false},"excerpt":{"rendered":"<p>Responsabilit\u00e0 Nonostante Silenccio AG presti la massima attenzione alla correttezza delle informazioni pubblicate, non pu\u00f2 fornire alcuna garanzia relativamente alla correttezza, precisione, attualit\u00e0, affidabilit\u00e0 e completezza del contenuto delle presenti informazioni. Silenccio AG si riserva espressamente di modificare, cancellare o talvolta di non pubblicare in qualsiasi momento tali contenuti senza preavviso. Si esclude qualsiasi rivendicazione [&hellip;]<\/p>\n","protected":false},"author":2,"featured_media":0,"parent":0,"menu_order":0,"comment_status":"closed","ping_status":"closed","template":"","meta":{"_acf_changed":false,"footnotes":""},"class_list":["post-1343","page","type-page","status-publish","hentry"],"acf":[],"_links":{"self":[{"href":"https:\/\/silenccio.axa.ch\/it\/wp-json\/wp\/v2\/pages\/1343","targetHints":{"allow":["GET"]}}],"collection":[{"href":"https:\/\/silenccio.axa.ch\/it\/wp-json\/wp\/v2\/pages"}],"about":[{"href":"https:\/\/silenccio.axa.ch\/it\/wp-json\/wp\/v2\/types\/page"}],"author":[{"embeddable":true,"href":"https:\/\/silenccio.axa.ch\/it\/wp-json\/wp\/v2\/users\/2"}],"replies":[{"embeddable":true,"href":"https:\/\/silenccio.axa.ch\/it\/wp-json\/wp\/v2\/comments?post=1343"}],"version-history":[{"count":1,"href":"https:\/\/silenccio.axa.ch\/it\/wp-json\/wp\/v2\/pages\/1343\/revisions"}],"predecessor-version":[{"id":1344,"href":"https:\/\/silenccio.axa.ch\/it\/wp-json\/wp\/v2\/pages\/1343\/revisions\/1344"}],"wp:attachment":[{"href":"https:\/\/silenccio.axa.ch\/it\/wp-json\/wp\/v2\/media?parent=1343"}],"curies":[{"name":"wp","href":"https:\/\/api.w.org\/{rel}","templated":true}]}}