{"id":2170,"date":"2022-10-10T18:48:08","date_gmt":"2022-10-10T16:48:08","guid":{"rendered":"https:\/\/silenccio.axa.ch\/?page_id=2170"},"modified":"2025-11-05T13:33:11","modified_gmt":"2025-11-05T12:33:11","slug":"condizioni-di-partecipazione","status":"publish","type":"page","link":"https:\/\/silenccio.axa.ch\/it\/condizioni-di-partecipazione\/","title":{"rendered":"Condizioni di partecipazione"},"content":{"rendered":"\r\n<p>Partecipano automaticamente all\u2019estrazione tutti gli utenti registrati all\u2019indirizzo <a href=\"https:\/\/silenccioapp.axa.ch\" target=\"_blank\" rel=\"noreferrer noopener\">https:\/\/silenccioapp.axa.ch<\/a>. Registrandosi, lei approva le condizioni di partecipazione e accetta le <a href=\"https:\/\/www.axa.ch\/it\/informazioni\/protezione-dei-dati.html\" target=\"_blank\" rel=\"noreferrer noopener\" data-type=\"URL\" data-id=\"https:\/\/www.axa.ch\/it\/informazioni\/protezione-dei-dati.html\">Disposizioni in materia di protezione dei dati<\/a> di AXA.<\/p>\r\n\r\n\r\n\r\n<p><em>Saranno estratti a sorte 100 buoni Digitec Galaxus del valore di CHF 100 ciascuno.<br \/>Ultimo termine di partecipazione \u00e8 il 31 dicembre 2025. L\u2019estrazione si terr\u00e0 a gennaio 2026. Le vincitrici e i vincitori del concorso saranno informati personalmente. L\u2019estrazione non sar\u00e0 tenuta pubblicamente.<\/em><\/p>\r\n\r\n\r\n\r\n<p>Sono autorizzate a partecipare le persone maggiorenni domiciliate in Svizzera. Sono esclusi dall\u2019estrazione i collaboratori di AXA Assicurazioni SA, di AXA-ARAG Protezione giuridica SA e di Silenccio AG.<\/p>\r\n\r\n\r\n\r\n<p><em>La vincita non pu\u00f2 essere corrisposta in contanti e non \u00e8 trasferibile. Non sar\u00e0 tenuta alcuna corrispondenza in merito al concorso. Sono escluse le vie legali. Le condizioni di partecipazione possono essere modificate in qualsiasi momento.<\/em><\/p>\r\n\r\n\r\n\r\n<p>&nbsp;<\/p>\r\n\r\n\r\n\r\n<p>Responsabile<br \/><strong>AXA Assicurazioni SA, R\u00f6merstrasse 17, 8400 Winterthur, Svizzera,<\/strong><br \/>axa_cyberversicherung_plus@silenccio.com, <a href=\"https:\/\/www.axa.ch\" target=\"_blank\" rel=\"noreferrer noopener\" data-type=\"URL\" data-id=\"https:\/\/www.axa.ch\">www.axa.ch<\/a><\/p>\r\n","protected":false},"excerpt":{"rendered":"<p>Partecipano automaticamente all\u2019estrazione tutti gli utenti registrati all\u2019indirizzo https:\/\/silenccioapp.axa.ch. Registrandosi, lei approva le condizioni di partecipazione e accetta le Disposizioni in materia di protezione dei dati di AXA. Saranno estratti a sorte 100 buoni Digitec Galaxus del valore di CHF 100 ciascuno.Ultimo termine di partecipazione \u00e8 il 31 dicembre 2025. L\u2019estrazione si terr\u00e0 a gennaio [&hellip;]<\/p>\n","protected":false},"author":2,"featured_media":0,"parent":0,"menu_order":0,"comment_status":"closed","ping_status":"closed","template":"","meta":{"_acf_changed":false,"footnotes":""},"class_list":["post-2170","page","type-page","status-publish","hentry"],"acf":[],"_links":{"self":[{"href":"https:\/\/silenccio.axa.ch\/it\/wp-json\/wp\/v2\/pages\/2170","targetHints":{"allow":["GET"]}}],"collection":[{"href":"https:\/\/silenccio.axa.ch\/it\/wp-json\/wp\/v2\/pages"}],"about":[{"href":"https:\/\/silenccio.axa.ch\/it\/wp-json\/wp\/v2\/types\/page"}],"author":[{"embeddable":true,"href":"https:\/\/silenccio.axa.ch\/it\/wp-json\/wp\/v2\/users\/2"}],"replies":[{"embeddable":true,"href":"https:\/\/silenccio.axa.ch\/it\/wp-json\/wp\/v2\/comments?post=2170"}],"version-history":[{"count":4,"href":"https:\/\/silenccio.axa.ch\/it\/wp-json\/wp\/v2\/pages\/2170\/revisions"}],"predecessor-version":[{"id":2677,"href":"https:\/\/silenccio.axa.ch\/it\/wp-json\/wp\/v2\/pages\/2170\/revisions\/2677"}],"wp:attachment":[{"href":"https:\/\/silenccio.axa.ch\/it\/wp-json\/wp\/v2\/media?parent=2170"}],"curies":[{"name":"wp","href":"https:\/\/api.w.org\/{rel}","templated":true}]}}